{"id":222,"date":"2013-08-22T08:32:04","date_gmt":"2013-08-22T08:32:04","guid":{"rendered":"http:\/\/www.osteopatialleida.com\/el-centre-2\/"},"modified":"2014-02-22T15:52:30","modified_gmt":"2014-02-22T15:52:30","slug":"el-centro","status":"publish","type":"page","link":"https:\/\/www.osteopatialleida.com\/es\/el-centro\/","title":{"rendered":"El centro"},"content":{"rendered":"<div class=\"row-fluid\">\n\t<div class=\"wpb_showcase_widget full-width wpb_content_element span12 slide-centre\">\n\t\t<div class=\"wpb_wrapper showcase-wrap\">\n\t\t\t\t\n<div id=\"rev_slider_5_1_wrapper\" class=\"rev_slider_wrapper fullwidthbanner-container\" data-source=\"gallery\" style=\"margin:0px auto;background:#E9E9E9;padding:0px;margin-top:0px;margin-bottom:0px;\">\n<!-- START REVOLUTION SLIDER 5.4.8.3 auto mode -->\n\t<div id=\"rev_slider_5_1\" class=\"rev_slider fullwidthabanner\" style=\"display:none;\" data-version=\"5.4.8.3\">\n<ul>\t<!-- SLIDE  -->\n\t<li data-index=\"rs-22\" data-transition=\"fade\" data-slotamount=\"7\" data-hideafterloop=\"0\" data-hideslideonmobile=\"off\"  data-easein=\"default\" data-easeout=\"default\" data-masterspeed=\"300\"  data-rotate=\"0\"  data-saveperformance=\"off\"  data-title=\"Slide\" data-param1=\"\" data-param2=\"\" data-param3=\"\" data-param4=\"\" data-param5=\"\" data-param6=\"\" data-param7=\"\" data-param8=\"\" data-param9=\"\" data-param10=\"\" data-description=\"\">\n\t\t<!-- MAIN IMAGE -->\n\t\t<img loading=\"lazy\" decoding=\"async\" src=\"https:\/\/www.osteopatialleida.com\/wp-content\/plugins\/revslider\/admin\/assets\/images\/dummy.png\"  alt=\"\" title=\"CENTRE1\"  width=\"840\" height=\"390\" data-lazyload=\"https:\/\/www.osteopatialleida.com\/wp-content\/uploads\/2013\/11\/CENTRE1.jpg\" data-bgposition=\"center center\" data-bgfit=\"cover\" data-bgrepeat=\"no-repeat\" class=\"rev-slidebg\" data-no-retina>\n\t\t<!-- LAYERS -->\n\t<\/li>\n\t<!-- SLIDE  -->\n\t<li data-index=\"rs-23\" data-transition=\"fade\" data-slotamount=\"7\" data-hideafterloop=\"0\" data-hideslideonmobile=\"off\"  data-easein=\"default\" data-easeout=\"default\" data-masterspeed=\"300\"  data-rotate=\"0\"  data-saveperformance=\"off\"  data-title=\"Slide\" data-param1=\"\" data-param2=\"\" data-param3=\"\" data-param4=\"\" data-param5=\"\" data-param6=\"\" data-param7=\"\" data-param8=\"\" data-param9=\"\" data-param10=\"\" data-description=\"\">\n\t\t<!-- MAIN IMAGE -->\n\t\t<img loading=\"lazy\" decoding=\"async\" src=\"https:\/\/www.osteopatialleida.com\/wp-content\/plugins\/revslider\/admin\/assets\/images\/dummy.png\"  alt=\"\" title=\"CENTRE2\"  width=\"840\" height=\"390\" data-lazyload=\"https:\/\/www.osteopatialleida.com\/wp-content\/uploads\/2013\/11\/CENTRE2.jpg\" data-bgposition=\"center center\" data-bgfit=\"cover\" data-bgrepeat=\"no-repeat\" class=\"rev-slidebg\" data-no-retina>\n\t\t<!-- LAYERS -->\n\t<\/li>\n\t<!-- SLIDE  -->\n\t<li data-index=\"rs-24\" data-transition=\"fade\" data-slotamount=\"7\" data-hideafterloop=\"0\" data-hideslideonmobile=\"off\"  data-easein=\"default\" data-easeout=\"default\" data-masterspeed=\"300\"  data-rotate=\"0\"  data-saveperformance=\"off\"  data-title=\"Slide\" data-param1=\"\" data-param2=\"\" data-param3=\"\" data-param4=\"\" data-param5=\"\" data-param6=\"\" data-param7=\"\" data-param8=\"\" data-param9=\"\" data-param10=\"\" data-description=\"\">\n\t\t<!-- MAIN IMAGE -->\n\t\t<img loading=\"lazy\" decoding=\"async\" src=\"https:\/\/www.osteopatialleida.com\/wp-content\/plugins\/revslider\/admin\/assets\/images\/dummy.png\"  alt=\"\" title=\"CENTRE3\"  width=\"840\" height=\"390\" data-lazyload=\"https:\/\/www.osteopatialleida.com\/wp-content\/uploads\/2013\/11\/CENTRE3.jpg\" data-bgposition=\"center center\" data-bgfit=\"cover\" data-bgrepeat=\"no-repeat\" class=\"rev-slidebg\" data-no-retina>\n\t\t<!-- LAYERS -->\n\t<\/li>\n\t<!-- SLIDE  -->\n\t<li data-index=\"rs-25\" data-transition=\"fade\" data-slotamount=\"7\" data-hideafterloop=\"0\" data-hideslideonmobile=\"off\"  data-easein=\"default\" data-easeout=\"default\" data-masterspeed=\"300\"  data-rotate=\"0\"  data-saveperformance=\"off\"  data-title=\"Slide\" data-param1=\"\" data-param2=\"\" data-param3=\"\" data-param4=\"\" data-param5=\"\" data-param6=\"\" data-param7=\"\" data-param8=\"\" data-param9=\"\" data-param10=\"\" data-description=\"\">\n\t\t<!-- MAIN IMAGE -->\n\t\t<img loading=\"lazy\" decoding=\"async\" src=\"https:\/\/www.osteopatialleida.com\/wp-content\/plugins\/revslider\/admin\/assets\/images\/dummy.png\"  alt=\"\" title=\"CENTRE4\"  width=\"840\" height=\"390\" data-lazyload=\"https:\/\/www.osteopatialleida.com\/wp-content\/uploads\/2013\/11\/CENTRE4.jpg\" data-bgposition=\"center center\" data-bgfit=\"cover\" data-bgrepeat=\"no-repeat\" class=\"rev-slidebg\" data-no-retina>\n\t\t<!-- LAYERS -->\n\t<\/li>\n\t<!-- SLIDE  -->\n\t<li data-index=\"rs-26\" data-transition=\"fade\" data-slotamount=\"7\" data-hideafterloop=\"0\" data-hideslideonmobile=\"off\"  data-easein=\"default\" data-easeout=\"default\" data-masterspeed=\"300\"  data-rotate=\"0\"  data-saveperformance=\"off\"  data-title=\"Slide\" data-param1=\"\" data-param2=\"\" data-param3=\"\" data-param4=\"\" data-param5=\"\" data-param6=\"\" data-param7=\"\" data-param8=\"\" data-param9=\"\" data-param10=\"\" data-description=\"\">\n\t\t<!-- MAIN IMAGE -->\n\t\t<img loading=\"lazy\" decoding=\"async\" src=\"https:\/\/www.osteopatialleida.com\/wp-content\/plugins\/revslider\/admin\/assets\/images\/dummy.png\"  alt=\"\" title=\"CENTRE5\"  width=\"840\" height=\"390\" data-lazyload=\"https:\/\/www.osteopatialleida.com\/wp-content\/uploads\/2013\/11\/CENTRE5.jpg\" data-bgposition=\"center center\" data-bgfit=\"cover\" data-bgrepeat=\"no-repeat\" class=\"rev-slidebg\" data-no-retina>\n\t\t<!-- LAYERS -->\n\t<\/li>\n\t<!-- SLIDE  -->\n\t<li data-index=\"rs-33\" data-transition=\"fade\" data-slotamount=\"7\" data-hideafterloop=\"0\" data-hideslideonmobile=\"off\"  data-easein=\"default\" data-easeout=\"default\" data-masterspeed=\"300\"  data-rotate=\"0\"  data-saveperformance=\"off\"  data-title=\"Slide\" data-param1=\"\" data-param2=\"\" data-param3=\"\" data-param4=\"\" data-param5=\"\" data-param6=\"\" data-param7=\"\" data-param8=\"\" data-param9=\"\" data-param10=\"\" data-description=\"\">\n\t\t<!-- MAIN IMAGE -->\n\t\t<img loading=\"lazy\" decoding=\"async\" src=\"https:\/\/www.osteopatialleida.com\/wp-content\/plugins\/revslider\/admin\/assets\/images\/dummy.png\"  alt=\"\" title=\"CENTRE7\"  width=\"840\" height=\"390\" data-lazyload=\"https:\/\/www.osteopatialleida.com\/wp-content\/uploads\/2013\/12\/CENTRE7.jpg\" data-bgposition=\"center center\" data-bgfit=\"cover\" data-bgrepeat=\"no-repeat\" class=\"rev-slidebg\" data-no-retina>\n\t\t<!-- LAYERS -->\n\t<\/li>\n<\/ul>\n<div class=\"tp-bannertimer tp-bottom\" style=\"visibility: hidden !important;\"><\/div>\t<\/div>\n<script>var htmlDiv = document.getElementById(\"rs-plugin-settings-inline-css\"); var htmlDivCss=\"\";\r\n\t\t\t\tif(htmlDiv) {\r\n\t\t\t\t\thtmlDiv.innerHTML = htmlDiv.innerHTML + htmlDivCss;\r\n\t\t\t\t}else{\r\n\t\t\t\t\tvar htmlDiv = document.createElement(\"div\");\r\n\t\t\t\t\thtmlDiv.innerHTML = \"<style>\" + htmlDivCss + \"<\/style>\";\r\n\t\t\t\t\tdocument.getElementsByTagName(\"head\")[0].appendChild(htmlDiv.childNodes[0]);\r\n\t\t\t\t}\r\n\t\t\t<\/script>\n\t\t<script type=\"text\/javascript\">\r\nif (setREVStartSize!==undefined) setREVStartSize(\r\n\t{c: '#rev_slider_5_1', gridwidth: [960], gridheight: [400], sliderLayout: 'auto'});\r\n\t\t\t\r\nvar revapi5,\r\n\ttpj;\t\r\n(function() {\t\t\t\r\n\tif (!\/loaded|interactive|complete\/.test(document.readyState)) document.addEventListener(\"DOMContentLoaded\",onLoad); else onLoad();\t\r\n\tfunction onLoad() {\t\t\t\t\r\n\t\tif (tpj===undefined) { tpj = jQuery; if(\"on\" == \"on\") tpj.noConflict();}\r\n\tif(tpj(\"#rev_slider_5_1\").revolution == undefined){\n\t\trevslider_showDoubleJqueryError(\"#rev_slider_5_1\");\n\t}else{\n\t\trevapi5 = tpj(\"#rev_slider_5_1\").show().revolution({\n\t\t\tsliderType:\"standard\",\n\t\t\tjsFileLocation:\"\/\/www.osteopatialleida.com\/wp-content\/plugins\/revslider\/public\/assets\/js\/\",\n\t\t\tsliderLayout:\"auto\",\n\t\t\tdottedOverlay:\"none\",\n\t\t\tdelay:3500,\n\t\t\tnavigation: {\n\t\t\t\tkeyboardNavigation:\"off\",\n\t\t\t\tkeyboard_direction: \"horizontal\",\n\t\t\t\tmouseScrollNavigation:\"off\",\n \t\t\t\t\t\t\tmouseScrollReverse:\"default\",\n\t\t\t\tonHoverStop:\"on\",\n\t\t\t\ttouch:{\n\t\t\t\t\ttouchenabled:\"on\",\n\t\t\t\t\ttouchOnDesktop:\"off\",\n\t\t\t\t\tswipe_threshold: 75,\n\t\t\t\t\tswipe_min_touches: 50,\n\t\t\t\t\tswipe_direction: \"horizontal\",\n\t\t\t\t\tdrag_block_vertical: false\n\t\t\t\t}\n\t\t\t},\n\t\t\tvisibilityLevels:[1240,1024,778,480],\n\t\t\tgridwidth:960,\n\t\t\tgridheight:400,\n\t\t\tlazyType:\"all\",\n\t\t\tshadow:0,\n\t\t\tspinner:\"spinner0\",\n\t\t\tstopLoop:\"off\",\n\t\t\tstopAfterLoops:-1,\n\t\t\tstopAtSlide:-1,\n\t\t\tshuffle:\"off\",\n\t\t\tautoHeight:\"off\",\n\t\t\tdisableProgressBar:\"on\",\n\t\t\thideThumbsOnMobile:\"off\",\n\t\t\thideSliderAtLimit:0,\n\t\t\thideCaptionAtLimit:0,\n\t\t\thideAllCaptionAtLilmit:0,\n\t\t\tdebugMode:false,\n\t\t\tfallbacks: {\n\t\t\t\tsimplifyAll:\"off\",\n\t\t\t\tnextSlideOnWindowFocus:\"off\",\n\t\t\t\tdisableFocusListener:false,\n\t\t\t}\n\t\t});\n\t}; \/* END OF revapi call *\/\n\t\n }; \/* END OF ON LOAD FUNCTION *\/\r\n}()); \/* END OF WRAPPING FUNCTION *\/\r\n<\/script>\r\n\t\t<\/div><!-- END REVOLUTION SLIDER -->\n\t\t<\/div> \n\t<\/div> <\/div> <div class=\"row-fluid\">\n\t<div class=\"wpb_content_element span8 centreTexte wpb_text_column pb-margin-bottom\">\n\t\t<div class=\"wpb_wrapper clearfix\">\n\t\t\t\n<p>El Centro Osteopat\u00eda Lleida tiene como objetivo dar a conocer la osteopat\u00eda cl\u00ednica a nuestros pacientes a trav\u00e9s de proporcionarles un tratamiento individualizado y profesional.<\/p>\n<p>Fue creado en 2007 como Centro Fisioterapia Global, teniendo ya una visi\u00f3n del cuerpo humano como globalidad, con especialidades de la fisioterapia como son el tratamiento miofascial, las cadenas musculares y las cadenas articulares.<\/p>\n<p>Fue en 2011 cuando evolucion\u00f3 hasta convertirse en el Centre Osteopatia Lleida, y desde entonces luchamos cada d\u00eda para llegar a ser un centro de referencia en el \u00e1mbito de la osteopat\u00eda y la fisioterapia.<\/p>\n<blockquote><p>El objetivo es dar a conocer la osteopat\u00eda y ser un centro pionero en t\u00e9cnicas espec\u00edficas como la osteopat\u00eda cl\u00ednica, la ginecol\u00f3gica, la pedi\u00e1trica y la fisioterapia.<\/p><\/blockquote>\n<p>Compartimos espacio con Diagn\u00f2stic Cardiorrespiratori y recibimos colaboraciones de grandes profesionales especializados en Cardiolog\u00eda, Neumolog\u00eda y Medicina Interna.<\/p>\n\n\t\t<\/div> \n\t<\/div>  \n\t<div class=\"wpb_content_element span4 centreContacte wpb_text_column\">\n\t\t<div class=\"wpb_wrapper clearfix\">\n\t\t\t<div class=\"heading-wrap\"><h3 class=\"wpb_heading wpb_text_heading\">Cont\u00e1ctanos<\/h3><\/div>\n\t\t\t\n<p>C\/ Valls d\u2019Andorra N\u00fam. 3<br \/>\nBajos 2a<br \/>\n25005 Lleida<\/p>\n<p><strong>e:<\/strong> <a href=\"mailto:centre@osteopatialleida.com\">centre@osteopatialleida.com<\/a><br \/>\n<strong>t:<\/strong> 973 224 222<br \/>\n<strong>f:<\/strong> 973 241 473<\/p>\n<p><a title=\"Contacte\" href=\"http:\/\/www.osteopatialleida.com\/es\/contactanos\/\">CONCERTAR CITA PREVIA<\/a><\/p>\n\n\t\t<\/div> \n\t<\/div> <\/div>\n","protected":false},"excerpt":{"rendered":"","protected":false},"author":1,"featured_media":0,"parent":0,"menu_order":0,"comment_status":"open","ping_status":"open","template":"","meta":{"_exactmetrics_skip_tracking":false,"_exactmetrics_sitenote_active":false,"_exactmetrics_sitenote_note":"","_exactmetrics_sitenote_category":0,"footnotes":""},"class_list":["post-222","page","type-page","status-publish","hentry"],"yoast_head":"<!-- This site is optimized with the Yoast SEO plugin v27.5 - https:\/\/yoast.com\/product\/yoast-seo-wordpress\/ -->\n<title>El centro - Centre Osteopatia Lleida - Osteopat\u00eda Cl\u00ednica y Fisioterapia<\/title>\n<meta name=\"description\" content=\"Especializado en lesiones vertebrales, viscerales y craneales. Centro Pionero en la ciudad de Lleida en la osteopat\u00eda pedi\u00e1trica y ginecol\u00f3gica.\" \/>\n<meta name=\"robots\" content=\"index, follow, max-snippet:-1, max-image-preview:large, max-video-preview:-1\" \/>\n<link rel=\"canonical\" href=\"https:\/\/www.osteopatialleida.com\/es\/el-centro\/\" \/>\n<meta property=\"og:locale\" content=\"es_ES\" \/>\n<meta property=\"og:type\" content=\"article\" \/>\n<meta property=\"og:title\" content=\"El centro - Centre Osteopatia Lleida - Osteopat\u00eda Cl\u00ednica y Fisioterapia\" \/>\n<meta property=\"og:description\" content=\"Centro de Osteopat\u00eda Cl\u00ednica especializado en lesiones vertebrales, viscerales y craneales. Centro Pionero en la ciudad de Lleida en especialidades como la osteopat\u00eda pedi\u00e1trica y ginecol\u00f3gica\" \/>\n<meta property=\"og:url\" content=\"https:\/\/www.osteopatialleida.com\/es\/el-centro\/\" \/>\n<meta property=\"og:site_name\" content=\"Centre Osteopatia Lleida\" \/>\n<meta property=\"article:modified_time\" content=\"2014-02-22T15:52:30+00:00\" \/>\n<meta property=\"og:image\" content=\"https:\/\/www.osteopatialleida.com\/wp-content\/uploads\/2014\/02\/osteopatialleida-e1391711548868.png\" \/>\n\t<meta property=\"og:image:width\" content=\"1113\" \/>\n\t<meta property=\"og:image:height\" content=\"628\" \/>\n\t<meta property=\"og:image:type\" content=\"image\/png\" \/>\n<meta name=\"twitter:label1\" content=\"Tiempo de lectura\" \/>\n\t<meta name=\"twitter:data1\" content=\"1 minuto\" \/>\n<script type=\"application\/ld+json\" class=\"yoast-schema-graph\">{\"@context\":\"https:\\\/\\\/schema.org\",\"@graph\":[{\"@type\":\"WebPage\",\"@id\":\"https:\\\/\\\/www.osteopatialleida.com\\\/es\\\/el-centro\\\/\",\"url\":\"https:\\\/\\\/www.osteopatialleida.com\\\/es\\\/el-centro\\\/\",\"name\":\"El centro - Centre Osteopatia Lleida - Osteopat\u00eda Cl\u00ednica y Fisioterapia\",\"isPartOf\":{\"@id\":\"https:\\\/\\\/www.osteopatialleida.com\\\/#website\"},\"datePublished\":\"2013-08-22T08:32:04+00:00\",\"dateModified\":\"2014-02-22T15:52:30+00:00\",\"description\":\"Especializado en lesiones vertebrales, viscerales y craneales. Centro Pionero en la ciudad de Lleida en la osteopat\u00eda pedi\u00e1trica y ginecol\u00f3gica.\",\"breadcrumb\":{\"@id\":\"https:\\\/\\\/www.osteopatialleida.com\\\/es\\\/el-centro\\\/#breadcrumb\"},\"inLanguage\":\"es\",\"potentialAction\":[{\"@type\":\"ReadAction\",\"target\":[\"https:\\\/\\\/www.osteopatialleida.com\\\/es\\\/el-centro\\\/\"]}]},{\"@type\":\"BreadcrumbList\",\"@id\":\"https:\\\/\\\/www.osteopatialleida.com\\\/es\\\/el-centro\\\/#breadcrumb\",\"itemListElement\":[{\"@type\":\"ListItem\",\"position\":1,\"name\":\"Inici\",\"item\":\"https:\\\/\\\/www.osteopatialleida.com\\\/es\\\/\"},{\"@type\":\"ListItem\",\"position\":2,\"name\":\"El centro\"}]},{\"@type\":\"WebSite\",\"@id\":\"https:\\\/\\\/www.osteopatialleida.com\\\/#website\",\"url\":\"https:\\\/\\\/www.osteopatialleida.com\\\/\",\"name\":\"Centre Osteopatia Lleida\",\"description\":\"\",\"potentialAction\":[{\"@type\":\"SearchAction\",\"target\":{\"@type\":\"EntryPoint\",\"urlTemplate\":\"https:\\\/\\\/www.osteopatialleida.com\\\/?s={search_term_string}\"},\"query-input\":{\"@type\":\"PropertyValueSpecification\",\"valueRequired\":true,\"valueName\":\"search_term_string\"}}],\"inLanguage\":\"es\"}]}<\/script>\n<!-- \/ Yoast SEO plugin. -->","yoast_head_json":{"title":"El centro - Centre Osteopatia Lleida - Osteopat\u00eda Cl\u00ednica y Fisioterapia","description":"Especializado en lesiones vertebrales, viscerales y craneales. Centro Pionero en la ciudad de Lleida en la osteopat\u00eda pedi\u00e1trica y ginecol\u00f3gica.","robots":{"index":"index","follow":"follow","max-snippet":"max-snippet:-1","max-image-preview":"max-image-preview:large","max-video-preview":"max-video-preview:-1"},"canonical":"https:\/\/www.osteopatialleida.com\/es\/el-centro\/","og_locale":"es_ES","og_type":"article","og_title":"El centro - Centre Osteopatia Lleida - Osteopat\u00eda Cl\u00ednica y Fisioterapia","og_description":"Centro de Osteopat\u00eda Cl\u00ednica especializado en lesiones vertebrales, viscerales y craneales. Centro Pionero en la ciudad de Lleida en especialidades como la osteopat\u00eda pedi\u00e1trica y ginecol\u00f3gica","og_url":"https:\/\/www.osteopatialleida.com\/es\/el-centro\/","og_site_name":"Centre Osteopatia Lleida","article_modified_time":"2014-02-22T15:52:30+00:00","og_image":[{"width":1113,"height":628,"url":"https:\/\/www.osteopatialleida.com\/wp-content\/uploads\/2014\/02\/osteopatialleida-e1391711548868.png","type":"image\/png"}],"twitter_misc":{"Tiempo de lectura":"1 minuto"},"schema":{"@context":"https:\/\/schema.org","@graph":[{"@type":"WebPage","@id":"https:\/\/www.osteopatialleida.com\/es\/el-centro\/","url":"https:\/\/www.osteopatialleida.com\/es\/el-centro\/","name":"El centro - Centre Osteopatia Lleida - Osteopat\u00eda Cl\u00ednica y Fisioterapia","isPartOf":{"@id":"https:\/\/www.osteopatialleida.com\/#website"},"datePublished":"2013-08-22T08:32:04+00:00","dateModified":"2014-02-22T15:52:30+00:00","description":"Especializado en lesiones vertebrales, viscerales y craneales. Centro Pionero en la ciudad de Lleida en la osteopat\u00eda pedi\u00e1trica y ginecol\u00f3gica.","breadcrumb":{"@id":"https:\/\/www.osteopatialleida.com\/es\/el-centro\/#breadcrumb"},"inLanguage":"es","potentialAction":[{"@type":"ReadAction","target":["https:\/\/www.osteopatialleida.com\/es\/el-centro\/"]}]},{"@type":"BreadcrumbList","@id":"https:\/\/www.osteopatialleida.com\/es\/el-centro\/#breadcrumb","itemListElement":[{"@type":"ListItem","position":1,"name":"Inici","item":"https:\/\/www.osteopatialleida.com\/es\/"},{"@type":"ListItem","position":2,"name":"El centro"}]},{"@type":"WebSite","@id":"https:\/\/www.osteopatialleida.com\/#website","url":"https:\/\/www.osteopatialleida.com\/","name":"Centre Osteopatia Lleida","description":"","potentialAction":[{"@type":"SearchAction","target":{"@type":"EntryPoint","urlTemplate":"https:\/\/www.osteopatialleida.com\/?s={search_term_string}"},"query-input":{"@type":"PropertyValueSpecification","valueRequired":true,"valueName":"search_term_string"}}],"inLanguage":"es"}]}},"_links":{"self":[{"href":"https:\/\/www.osteopatialleida.com\/es\/wp-json\/wp\/v2\/pages\/222","targetHints":{"allow":["GET"]}}],"collection":[{"href":"https:\/\/www.osteopatialleida.com\/es\/wp-json\/wp\/v2\/pages"}],"about":[{"href":"https:\/\/www.osteopatialleida.com\/es\/wp-json\/wp\/v2\/types\/page"}],"author":[{"embeddable":true,"href":"https:\/\/www.osteopatialleida.com\/es\/wp-json\/wp\/v2\/users\/1"}],"replies":[{"embeddable":true,"href":"https:\/\/www.osteopatialleida.com\/es\/wp-json\/wp\/v2\/comments?post=222"}],"version-history":[{"count":7,"href":"https:\/\/www.osteopatialleida.com\/es\/wp-json\/wp\/v2\/pages\/222\/revisions"}],"predecessor-version":[{"id":555,"href":"https:\/\/www.osteopatialleida.com\/es\/wp-json\/wp\/v2\/pages\/222\/revisions\/555"}],"wp:attachment":[{"href":"https:\/\/www.osteopatialleida.com\/es\/wp-json\/wp\/v2\/media?parent=222"}],"curies":[{"name":"wp","href":"https:\/\/api.w.org\/{rel}","templated":true}]}}