{"id":446,"date":"2013-08-22T08:30:57","date_gmt":"2013-08-22T07:30:57","guid":{"rendered":"http:\/\/www.osteopatialleida.com\/contacte-2\/"},"modified":"2020-01-27T18:11:48","modified_gmt":"2020-01-27T17:11:48","slug":"contactanos","status":"publish","type":"page","link":"https:\/\/www.osteopatialleida.com\/es\/contactanos\/","title":{"rendered":"Cont\u00e1ctanos"},"content":{"rendered":"<p><iframe loading=\"lazy\" src=\"https:\/\/www.google.com\/maps\/embed?pb=!1m18!1m12!1m3!1d1491.1833000194088!2d0.620756967598344!3d41.626206697390316!2m3!1f0!2f0!3f0!3m2!1i1024!2i768!4f13.1!3m3!1m2!1s0x12a6e0476c4cde97%3A0x48ede00e503baf95!2sCarrer%20de%20les%20Valls%20d&#39;Andorra%2C%202-6%2C%2025005%20Lleida!5e0!3m2!1ses!2ses!4v1580144678270!5m2!1ses!2ses\" width=\"100%\" height=\"450\" frameborder=\"0\" style=\"border:0;\" allowfullscreen=\"\"><\/iframe><div class=\"row-fluid\">\n\t<div class=\"wpb_content_element span8 wpb_text_column\">\n\t\t<div class=\"wpb_wrapper clearfix\">\n\t\t\t\n\n<div class=\"wpcf7 no-js\" id=\"wpcf7-f449-o1\" lang=\"es-ES\" dir=\"ltr\" data-wpcf7-id=\"449\">\n<div class=\"screen-reader-response\"><p role=\"status\" aria-live=\"polite\" aria-atomic=\"true\"><\/p> <ul><\/ul><\/div>\n<form action=\"\/es\/wp-json\/wp\/v2\/pages\/446#wpcf7-f449-o1\" method=\"post\" class=\"wpcf7-form init\" aria-label=\"Formulario de contacto\" novalidate=\"novalidate\" data-status=\"init\">\n<fieldset class=\"hidden-fields-container\"><input type=\"hidden\" name=\"_wpcf7\" value=\"449\" \/><input type=\"hidden\" name=\"_wpcf7_version\" value=\"6.1.5\" \/><input type=\"hidden\" name=\"_wpcf7_locale\" value=\"es_ES\" \/><input type=\"hidden\" name=\"_wpcf7_unit_tag\" value=\"wpcf7-f449-o1\" \/><input type=\"hidden\" name=\"_wpcf7_container_post\" value=\"0\" \/><input type=\"hidden\" name=\"_wpcf7_posted_data_hash\" value=\"\" \/>\n<\/fieldset>\n<div id=\"formContacOsteo\">\n\t<p class=\"nom\">Vuestro nombre (obligatorio)\n\t<\/p>\n\t<p><span class=\"wpcf7-form-control-wrap\" data-name=\"your-name\"><input size=\"40\" maxlength=\"400\" class=\"wpcf7-form-control wpcf7-text wpcf7-validates-as-required\" aria-required=\"true\" aria-invalid=\"false\" value=\"\" type=\"text\" name=\"your-name\" \/><\/span>\n\t<\/p>\n\t<p class=\"mail\">Vuestro email (obligatorio)\n\t<\/p>\n\t<p><span class=\"wpcf7-form-control-wrap\" data-name=\"your-email\"><input size=\"40\" maxlength=\"400\" class=\"wpcf7-form-control wpcf7-email wpcf7-validates-as-required wpcf7-text wpcf7-validates-as-email\" aria-required=\"true\" aria-invalid=\"false\" value=\"\" type=\"email\" name=\"your-email\" \/><\/span>\n\t<\/p>\n\t<p class=\"mssg\">Vuestro mensaje\n\t<\/p>\n\t<p><span class=\"wpcf7-form-control-wrap\" data-name=\"your-message\"><textarea cols=\"40\" rows=\"10\" maxlength=\"2000\" class=\"wpcf7-form-control wpcf7-textarea\" aria-invalid=\"false\" name=\"your-message\"><\/textarea><\/span>\n\t<\/p>\n\t<p class=\"cofirm-pol\"><span class=\"wpcf7-form-control-wrap\" data-name=\"privacitat\"><span class=\"wpcf7-form-control wpcf7-checkbox wpcf7-validates-as-required\"><span class=\"wpcf7-list-item first last\"><input type=\"checkbox\" name=\"privacitat[]\" value=\"Acepto la pol\u00edtica de privacidad\" \/><span class=\"wpcf7-list-item-label\">Acepto la pol\u00edtica de privacidad<\/span><\/span><\/span><\/span>\n\t<\/p>\n\t<p class=\"margeinf\"><a href=\"http:\/\/www.osteopatialleida.com\/es\/politica-de-privacidad\/\" target=\"_blank\">(Leer nuestra pol\u00edtica de privacidad)<\/a>\n\t<\/p>\n\t<p><span class=\"wpcf7-form-control-wrap\" data-name=\"quiz-176\"><label><span class=\"wpcf7-quiz-label\">3+2=<\/span> <input size=\"40\" class=\"wpcf7-form-control wpcf7-quiz\" autocomplete=\"off\" aria-required=\"true\" aria-invalid=\"false\" type=\"text\" name=\"quiz-176\" \/><\/label><input type=\"hidden\" name=\"_wpcf7_quiz_answer_quiz-176\" value=\"5dbb4d8f022d5d0ed16c65866968fb93\" \/><\/span>\n\t<\/p>\n\t<p class=\"benviar\"><input class=\"wpcf7-form-control wpcf7-submit has-spinner\" type=\"submit\" value=\"Enviar\" \/>\n\t<\/p>\n<\/div><div class=\"wpcf7-response-output\" aria-hidden=\"true\"><\/div>\n<\/form>\n<\/div>\n\n\n\t\t<\/div> \n\t<\/div>  \n\t<div class=\"wpb_content_element span4 centreContacte wpb_text_column\">\n\t\t<div class=\"wpb_wrapper clearfix\">\n\t\t\t<div class=\"heading-wrap\"><h3 class=\"wpb_heading wpb_text_heading\">Contacto<\/h3><\/div>\n\t\t\t\n<p>C\/ Valls d\u2019Andorra N\u00fam. 3<br \/>\nBajos 2a<br \/>\n25005 Lleida<\/p>\n<p><strong>e:<\/strong>\u00a0<a href=\"mailto:centre@osteopatialleida.com\">centre@osteopatialleida.com<\/a><br \/>\n<strong>t:<\/strong>\u00a0973 224 222<\/p>\n<p>CONCERTAR CITA PREVIA<\/p>\n\n\t\t<\/div> \n\t<\/div> <\/div>\n","protected":false},"excerpt":{"rendered":"","protected":false},"author":1,"featured_media":0,"parent":0,"menu_order":0,"comment_status":"closed","ping_status":"closed","template":"","meta":{"_exactmetrics_skip_tracking":false,"_exactmetrics_sitenote_active":false,"_exactmetrics_sitenote_note":"","_exactmetrics_sitenote_category":0,"footnotes":""},"class_list":["post-446","page","type-page","status-publish","hentry"],"yoast_head":"<!-- This site is optimized with the Yoast SEO plugin v27.5 - https:\/\/yoast.com\/product\/yoast-seo-wordpress\/ -->\n<title>Cont\u00e1ctanos - Centre Osteopatia Lleida - Osteopatia Cl\u00ednica i Fisioter\u00e0pia<\/title>\n<meta name=\"description\" content=\"Especializado en lesiones vertebrales, viscerales y craneales. Centro Pionero en la ciudad de Lleida en la osteopat\u00eda pedi\u00e1trica y ginecol\u00f3gica.\" \/>\n<meta name=\"robots\" content=\"index, follow, max-snippet:-1, max-image-preview:large, max-video-preview:-1\" \/>\n<link rel=\"canonical\" href=\"https:\/\/www.osteopatialleida.com\/es\/contactanos\/\" \/>\n<meta property=\"og:locale\" content=\"es_ES\" \/>\n<meta property=\"og:type\" content=\"article\" \/>\n<meta property=\"og:title\" content=\"Cont\u00e1ctanos - Centre Osteopatia Lleida - Osteopatia Cl\u00ednica i Fisioter\u00e0pia\" \/>\n<meta property=\"og:description\" content=\"Centro de Osteopat\u00eda Cl\u00ednica especializado en lesiones vertebrales, viscerales y craneales. Centro Pionero en la ciudad de Lleida en especialidades como la osteopat\u00eda pedi\u00e1trica y ginecol\u00f3gica\" \/>\n<meta property=\"og:url\" content=\"https:\/\/www.osteopatialleida.com\/es\/contactanos\/\" \/>\n<meta property=\"og:site_name\" content=\"Centre Osteopatia Lleida\" \/>\n<meta property=\"article:modified_time\" content=\"2020-01-27T17:11:48+00:00\" \/>\n<meta property=\"og:image\" content=\"https:\/\/www.osteopatialleida.com\/wp-content\/uploads\/2014\/02\/osteopatialleida-e1391711548868.png\" \/>\n\t<meta property=\"og:image:width\" content=\"1113\" \/>\n\t<meta property=\"og:image:height\" content=\"628\" \/>\n\t<meta property=\"og:image:type\" content=\"image\/png\" \/>\n<script type=\"application\/ld+json\" class=\"yoast-schema-graph\">{\"@context\":\"https:\\\/\\\/schema.org\",\"@graph\":[{\"@type\":\"WebPage\",\"@id\":\"https:\\\/\\\/www.osteopatialleida.com\\\/es\\\/contactanos\\\/\",\"url\":\"https:\\\/\\\/www.osteopatialleida.com\\\/es\\\/contactanos\\\/\",\"name\":\"Cont\u00e1ctanos - Centre Osteopatia Lleida - Osteopatia Cl\u00ednica i Fisioter\u00e0pia\",\"isPartOf\":{\"@id\":\"https:\\\/\\\/www.osteopatialleida.com\\\/#website\"},\"datePublished\":\"2013-08-22T07:30:57+00:00\",\"dateModified\":\"2020-01-27T17:11:48+00:00\",\"description\":\"Especializado en lesiones vertebrales, viscerales y craneales. Centro Pionero en la ciudad de Lleida en la osteopat\u00eda pedi\u00e1trica y ginecol\u00f3gica.\",\"breadcrumb\":{\"@id\":\"https:\\\/\\\/www.osteopatialleida.com\\\/es\\\/contactanos\\\/#breadcrumb\"},\"inLanguage\":\"es\",\"potentialAction\":[{\"@type\":\"ReadAction\",\"target\":[\"https:\\\/\\\/www.osteopatialleida.com\\\/es\\\/contactanos\\\/\"]}]},{\"@type\":\"BreadcrumbList\",\"@id\":\"https:\\\/\\\/www.osteopatialleida.com\\\/es\\\/contactanos\\\/#breadcrumb\",\"itemListElement\":[{\"@type\":\"ListItem\",\"position\":1,\"name\":\"Inici\",\"item\":\"https:\\\/\\\/www.osteopatialleida.com\\\/es\\\/\"},{\"@type\":\"ListItem\",\"position\":2,\"name\":\"Cont\u00e1ctanos\"}]},{\"@type\":\"WebSite\",\"@id\":\"https:\\\/\\\/www.osteopatialleida.com\\\/#website\",\"url\":\"https:\\\/\\\/www.osteopatialleida.com\\\/\",\"name\":\"Centre Osteopatia Lleida\",\"description\":\"\",\"potentialAction\":[{\"@type\":\"SearchAction\",\"target\":{\"@type\":\"EntryPoint\",\"urlTemplate\":\"https:\\\/\\\/www.osteopatialleida.com\\\/?s={search_term_string}\"},\"query-input\":{\"@type\":\"PropertyValueSpecification\",\"valueRequired\":true,\"valueName\":\"search_term_string\"}}],\"inLanguage\":\"es\"}]}<\/script>\n<!-- \/ Yoast SEO plugin. -->","yoast_head_json":{"title":"Cont\u00e1ctanos - Centre Osteopatia Lleida - Osteopatia Cl\u00ednica i Fisioter\u00e0pia","description":"Especializado en lesiones vertebrales, viscerales y craneales. Centro Pionero en la ciudad de Lleida en la osteopat\u00eda pedi\u00e1trica y ginecol\u00f3gica.","robots":{"index":"index","follow":"follow","max-snippet":"max-snippet:-1","max-image-preview":"max-image-preview:large","max-video-preview":"max-video-preview:-1"},"canonical":"https:\/\/www.osteopatialleida.com\/es\/contactanos\/","og_locale":"es_ES","og_type":"article","og_title":"Cont\u00e1ctanos - Centre Osteopatia Lleida - Osteopatia Cl\u00ednica i Fisioter\u00e0pia","og_description":"Centro de Osteopat\u00eda Cl\u00ednica especializado en lesiones vertebrales, viscerales y craneales. Centro Pionero en la ciudad de Lleida en especialidades como la osteopat\u00eda pedi\u00e1trica y ginecol\u00f3gica","og_url":"https:\/\/www.osteopatialleida.com\/es\/contactanos\/","og_site_name":"Centre Osteopatia Lleida","article_modified_time":"2020-01-27T17:11:48+00:00","og_image":[{"width":1113,"height":628,"url":"https:\/\/www.osteopatialleida.com\/wp-content\/uploads\/2014\/02\/osteopatialleida-e1391711548868.png","type":"image\/png"}],"schema":{"@context":"https:\/\/schema.org","@graph":[{"@type":"WebPage","@id":"https:\/\/www.osteopatialleida.com\/es\/contactanos\/","url":"https:\/\/www.osteopatialleida.com\/es\/contactanos\/","name":"Cont\u00e1ctanos - Centre Osteopatia Lleida - Osteopatia Cl\u00ednica i Fisioter\u00e0pia","isPartOf":{"@id":"https:\/\/www.osteopatialleida.com\/#website"},"datePublished":"2013-08-22T07:30:57+00:00","dateModified":"2020-01-27T17:11:48+00:00","description":"Especializado en lesiones vertebrales, viscerales y craneales. Centro Pionero en la ciudad de Lleida en la osteopat\u00eda pedi\u00e1trica y ginecol\u00f3gica.","breadcrumb":{"@id":"https:\/\/www.osteopatialleida.com\/es\/contactanos\/#breadcrumb"},"inLanguage":"es","potentialAction":[{"@type":"ReadAction","target":["https:\/\/www.osteopatialleida.com\/es\/contactanos\/"]}]},{"@type":"BreadcrumbList","@id":"https:\/\/www.osteopatialleida.com\/es\/contactanos\/#breadcrumb","itemListElement":[{"@type":"ListItem","position":1,"name":"Inici","item":"https:\/\/www.osteopatialleida.com\/es\/"},{"@type":"ListItem","position":2,"name":"Cont\u00e1ctanos"}]},{"@type":"WebSite","@id":"https:\/\/www.osteopatialleida.com\/#website","url":"https:\/\/www.osteopatialleida.com\/","name":"Centre Osteopatia Lleida","description":"","potentialAction":[{"@type":"SearchAction","target":{"@type":"EntryPoint","urlTemplate":"https:\/\/www.osteopatialleida.com\/?s={search_term_string}"},"query-input":{"@type":"PropertyValueSpecification","valueRequired":true,"valueName":"search_term_string"}}],"inLanguage":"es"}]}},"_links":{"self":[{"href":"https:\/\/www.osteopatialleida.com\/es\/wp-json\/wp\/v2\/pages\/446","targetHints":{"allow":["GET"]}}],"collection":[{"href":"https:\/\/www.osteopatialleida.com\/es\/wp-json\/wp\/v2\/pages"}],"about":[{"href":"https:\/\/www.osteopatialleida.com\/es\/wp-json\/wp\/v2\/types\/page"}],"author":[{"embeddable":true,"href":"https:\/\/www.osteopatialleida.com\/es\/wp-json\/wp\/v2\/users\/1"}],"replies":[{"embeddable":true,"href":"https:\/\/www.osteopatialleida.com\/es\/wp-json\/wp\/v2\/comments?post=446"}],"version-history":[{"count":7,"href":"https:\/\/www.osteopatialleida.com\/es\/wp-json\/wp\/v2\/pages\/446\/revisions"}],"predecessor-version":[{"id":799,"href":"https:\/\/www.osteopatialleida.com\/es\/wp-json\/wp\/v2\/pages\/446\/revisions\/799"}],"wp:attachment":[{"href":"https:\/\/www.osteopatialleida.com\/es\/wp-json\/wp\/v2\/media?parent=446"}],"curies":[{"name":"wp","href":"https:\/\/api.w.org\/{rel}","templated":true}]}}