{"id":464,"date":"2013-08-22T08:30:21","date_gmt":"2013-08-22T07:30:21","guid":{"rendered":"http:\/\/www.osteopatialleida.com\/professionals-2\/"},"modified":"2022-03-22T17:14:13","modified_gmt":"2022-03-22T16:14:13","slug":"profesionales","status":"publish","type":"page","link":"https:\/\/www.osteopatialleida.com\/es\/profesionales\/","title":{"rendered":"Profesionales"},"content":{"rendered":"<div class=\"row-fluid\">\n\t<div class=\"wpb_content_element span8 nom-profesional wpb_text_column\">\n\t\t<div class=\"wpb_wrapper clearfix\">\n\t\t\t\n<p class=\"directora\">Laia Cabau Manau<\/p>\n<p>Co-directora del Centre Osteopatia Lleida.<\/p>\n\n\t\t<\/div> \n\t<\/div> <\/div> <div class=\"row-fluid\">\n\t<div class=\"wpb_content_element wpb_single_image noframe span8 img-laia\">\n\t\t<div class=\"wpb_wrapper\"><figure class=\"clearfix\">\n\t\t\t<img loading=\"lazy\" decoding=\"async\" width=\"619\" height=\"242\" src=\"https:\/\/www.osteopatialleida.com\/wp-content\/uploads\/2013\/08\/PROFESSIONAL4-laia1.jpg\" class=\"attachment-full size-full\" alt=\"\" srcset=\"https:\/\/www.osteopatialleida.com\/wp-content\/uploads\/2013\/08\/PROFESSIONAL4-laia1.jpg 619w, https:\/\/www.osteopatialleida.com\/wp-content\/uploads\/2013\/08\/PROFESSIONAL4-laia1-300x117.jpg 300w\" sizes=\"auto, (max-width: 619px) 100vw, 619px\" \/><\/figure>\n\t\t<\/div> \n\t<\/div>  \n\t<div class=\"wpb_content_element span4 lateral-laia wpb_text_column\">\n\t\t<div class=\"wpb_wrapper clearfix\">\n\t\t\t\n<p><a href=\"http:\/\/www.osteopatialleida.com\/es\/contactanos\/\"><span class=\"titullink\">Cont\u00e1ctanos<\/span><\/a><\/p>\n<p><span class=\"nom\">Laia Cabau Manau<\/span><br \/>\n<span class=\"titulacio\">Oste\u00f2pata D.O. y Fisioterapeuta<br \/>\nN\u00fam. Col. 3.357<\/span><\/p>\n<p>Especialidades: Osteopat\u00eda Cl\u00ednica, Pediatr\u00eda, Ginecolog\u00eda y Deportiva. Fisioterapia Respiratoria.<\/p>\n<p><strong>e:<\/strong> <a href=\"mailto:laiacabau@osteopatialleida.com\">laiacabau@osteopatialleida.com<\/a><br \/>\n<strong>t:<\/strong> 973 224 222<\/p>\n\n\t\t<\/div> \n\t<\/div> <\/div> <div class=\"row-fluid\">\n\t<div class=\"wpb_content_element span8 laia-curriculum wpb_text_column\">\n\t\t<div class=\"wpb_wrapper clearfix\">\n\t\t\t\n<p>Oste\u00f3pata D.O. (M\u00e1ster en Osteopat\u00eda en la Universidad Ram\u00f3n Llull de Barcelona).(2007-2011)<br \/>\nFisioterapeuta. Diplomada en Fisioterapia a les Escoles Gimbernat, Universidad Aut\u00f3noma de Barcelona.<br \/>\nProfesora Adjunta en Estudios del Grado de Fisioterapia de la Universidad de Lleida ( 2011-2020)<br \/>\nTutora en la formaci\u00f3n pr\u00e1ctica del M\u00e1ster de Osteopat\u00eda, Universidad Gimbernat.<\/p>\n<p>Formaci\u00f3n de Posgrado:<\/p>\n<ul>\n<li>Formaci\u00f3n de Postgrado de Osteopat\u00eda en T\u00e9cnicas Integrales en Embriolog\u00eda, con el M\u00e9todo Frank de Bakker, Bloc I-II-III-IV (2016-2019) Oydis, BCN. Tratamiento osteop\u00e1tico para ni\u00f1os y adultos a partir del estudio de la embriolog\u00eda.<\/li>\n<li>Blomberg Rhythmic Movement Training y Reflejos primitivos: BRMT 1 i BRMT 2 (2016-2017)<\/li>\n<li>Curso de Postgrado de osteopat\u00eda pedi\u00e1trica: Deformaciones craneales en la infancia: abordaje osteop\u00e1tico y colaboraci\u00f3n multidisciplinar (2019)<\/li>\n<li>\u201cLa Potencia del agua\u201d, con Gerald Pollack y aplicaci\u00f3n en la osteopat\u00eda con Marc Wilson y Colin Dove. Sutherland Cranial College of Osteopathy.<\/li>\n<li>Formaci\u00f3n en Frenillo lingual, reflujo gastroesof\u00e1gico y su abordaje osteop\u00e1tico, con Didde Thorsted (2020)<\/li>\n<li>Formaci\u00f3n en Osteopat\u00eda Pedi\u00e1trica con Claudine Agueron. Bebe 1 ( 2020)<\/li>\n<li>Formaci\u00f3n en Biodin\u00e1mica, Biobasics (2021)<\/li>\n<li>Biodin\u00e1mica y la Visi\u00f3n Osteop\u00e1tica del Sistema Nervioso, William M. Foley DO (2021).<\/li>\n<li>Congreso Internacional de Osteopat\u00eda , Eora. (2020)<\/li>\n<li>Osteopat\u00eda en Uroginecolog\u00eda con Xavi Hugues (2016)<\/li>\n<li>Especialista Universitaria en Dolor Miofascial, Punci\u00f3n seca y Cadenas Musculares<\/li>\n<li>Fisioterapia Respiratoria en Adultos y Pediatr\u00eda. Guy Postiaux, Jean Chevallier<\/li>\n<\/ul>\n\n\t\t<\/div> \n\t<\/div> <\/div> <div class=\"blank_spacer\" style=\"height:30px;\"><\/div>\n <div class=\"row-fluid\">\n\t<div class=\"wpb_content_element span8 nom-profesional wpb_text_column\">\n\t\t<div class=\"wpb_wrapper clearfix\">\n\t\t\t\n<p class=\"directora\">Pere Moreno Llop<\/p>\n\n\t\t<\/div> \n\t<\/div> <\/div> <div class=\"blank_spacer\" style=\"height:5px;\"><\/div>\n <div class=\"row-fluid\">\n\t<div class=\"wpb_content_element wpb_single_image noframe span8 img-laia\">\n\t\t<div class=\"wpb_wrapper\"><figure class=\"clearfix\">\n\t\t\t<img loading=\"lazy\" decoding=\"async\" width=\"619\" height=\"242\" src=\"https:\/\/www.osteopatialleida.com\/wp-content\/uploads\/2013\/08\/PROFESSIONAL4-Pere.jpg\" class=\"attachment-full size-full\" alt=\"\" srcset=\"https:\/\/www.osteopatialleida.com\/wp-content\/uploads\/2013\/08\/PROFESSIONAL4-Pere.jpg 619w, https:\/\/www.osteopatialleida.com\/wp-content\/uploads\/2013\/08\/PROFESSIONAL4-Pere-300x117.jpg 300w\" sizes=\"auto, (max-width: 619px) 100vw, 619px\" \/><\/figure>\n\t\t<\/div> \n\t<\/div>  \n\t<div class=\"wpb_content_element span4 lateral-laia wpb_text_column\">\n\t\t<div class=\"wpb_wrapper clearfix\">\n\t\t\t\n<p><span class=\"nom\">Pere Moreno Llop<\/span><br \/>\n<span class=\"titulacio\">Oste\u00f3pata D.O. y Fisioterapeuta<br \/>\nN\u00fam. Col. 6.175<\/span><\/p>\n<p>Especialidades: Osteopat\u00eda Cl\u00ednica, Pediatr\u00eda, Ginecolog\u00eda y Deportiva.<\/p>\n<p><strong>e:<\/strong>\u00a0<a href=\"mailto:peremoreno@osteopatialleida.com\">peremoreno@osteopatialleida.com<\/a><br \/>\n<strong>t:<\/strong>\u00a0973 224 222<\/p>\n\n\t\t<\/div> \n\t<\/div> <\/div> <div class=\"row-fluid\">\n\t<div class=\"wpb_content_element span8 laia-curriculum wpb_text_column\">\n\t\t<div class=\"wpb_wrapper clearfix\">\n\t\t\t\n<p>Oste\u00f3pata CO , EOB (Escola d\u2019Osteopatia de Barcelona, European School of Osteopathy). (2008-2012)<br \/>\nFisioterapeuta. Diplomado en la Facultad de Medicina y Ciencias de la Salud de Reus, Universidad Rovira i Virgili.<br \/>\nTutor en la formaci\u00f3n pr\u00e1ctica del M\u00e0ster de Osteopat\u00eda, Universidad Gimbernat.<\/p>\n<p>Formaci\u00f3n de Posgrado:<\/p>\n<ul>\n<li>Formaci\u00f3n de Postgrado de Osteopat\u00eda en T\u00e9cnicas Integrales en Embriolog\u00eda, con el M\u00e9todo Frank de Bakker, Bloc I-II-III-IV ( 2016-2019) Oydis, BCN. Tratamiento osteop\u00e1tico para ni\u00f1os y adultos a partir del estudio de la embriolog\u00eda.<\/li>\n<li>Curso de Postgrado de Osteopat\u00eda pedi\u00e1trica: Deformaciones craneales en la infancia: abordaje osteop\u00e1tico y colaboraci\u00f3n multidisciplinar (2019)<\/li>\n<li>\u201cLa Potencia del agua\u201d, con Gerald Pollack , y aplicaci\u00f3n en la osteopat\u00eda con Marc Wilson y Colin Dove. Sutherland Cranial College of Osteopathy.( 2019)<\/li>\n<li>Formaci\u00f3n en Frenillo lingual, reflujo gastroesof\u00e1gico y su abordaje osteop\u00e1tico, con Didde Thorsted (2020)<\/li>\n<li>Formaci\u00f3n en Biodin\u00e1mica, Biobasics (2021)<\/li>\n<li>Postgrado de Osteopat\u00eda en T\u00e9cnica de Ajuste Espec\u00edfico (SAT) I i II.<\/li>\n<li>Postgrado de Osteopat\u00eda en Disfunciones Temporomandibulares y Orofaciales.<\/li>\n<li>Postgrado de Osteopat\u00eda en Disfunciones Glandulares.<\/li>\n<li>Diploma Postgrado en Osteopat\u00eda Pedi\u00e1trica IASO-IDEC Universidad Pompeu Fabra.<\/li>\n<\/ul>\n\n\t\t<\/div> \n\t<\/div> <\/div>\n<div class=\"row-fluid\">\n\t<div class=\"wpb_content_element span8 nom-profesional wpb_text_column\">\n\t\t<div class=\"wpb_wrapper clearfix\">\n\t\t\t\n<p class=\"directora\">N\u00faria Saperas Riera<\/p>\n\n\t\t<\/div> \n\t<\/div> <\/div> <div class=\"blank_spacer\" style=\"height:5px;\"><\/div>\n <div class=\"row-fluid\">\n\t<div class=\"wpb_content_element wpb_single_image noframe span8 img-laia\">\n\t\t<div class=\"wpb_wrapper\"><figure class=\"clearfix\">\n\t\t\t<img loading=\"lazy\" decoding=\"async\" width=\"619\" height=\"242\" src=\"https:\/\/www.osteopatialleida.com\/wp-content\/uploads\/2022\/03\/PROFESSIONALx-Nuria.jpg\" class=\"attachment-full size-full\" alt=\"\" srcset=\"https:\/\/www.osteopatialleida.com\/wp-content\/uploads\/2022\/03\/PROFESSIONALx-Nuria.jpg 619w, https:\/\/www.osteopatialleida.com\/wp-content\/uploads\/2022\/03\/PROFESSIONALx-Nuria-300x117.jpg 300w\" sizes=\"auto, (max-width: 619px) 100vw, 619px\" \/><\/figure>\n\t\t<\/div> \n\t<\/div>  \n\t<div class=\"wpb_content_element span4 lateral-laia wpb_text_column\">\n\t\t<div class=\"wpb_wrapper clearfix\">\n\t\t\t\n<p><span class=\"nom\"> N\u00faria Saperas Riera<\/span><br \/>\n<span class=\"titulacio\"> Oste\u00f3pata D.O. y  Fisioterapeuta<br \/>\nN\u00fam. Col. 8.358<\/span><\/p>\n<p>Especialidades: Osteopat\u00eda Cl\u00ednica, Pediatr\u00eda, Ginecolog\u00eda y Deportiva. Fisioterapia Respiratoria.<\/p>\n<p><strong>e<\/strong>: nuriasaperas@osteopatialleida.cat<br \/>\n<strong>t<\/strong>: 973 224 222<\/p>\n\n\t\t<\/div> \n\t<\/div> <\/div> <div class=\"row-fluid\">\n\t<div class=\"wpb_content_element span8 laia-curriculum wpb_text_column\">\n\t\t<div class=\"wpb_wrapper clearfix\">\n\t\t\t\n<p>Oste\u00f3pata DO, CSO Toulose. Andr\u00e9 Ratio. (2016-2020).<br \/>\nFisioterapeuta. Diplomada en Fisioterapia en las Escuelas Gimbernat, Universidad Aut\u00f3noma de Barcelona.<\/p>\n<p>Formaci\u00f3n de Posgrado:<\/p>\n<ul>\n<li>Ost\u00e9opathie P\u00e9rinatale. Jaffray Canada (2017)<\/li>\n<li>Orthoposturodontie. Nivell 1. Michel Clauzade ( 2019)<\/li>\n<li>Formation Rythmes Biologiques Nutritionnels. Toulouse. ( 2020)<\/li>\n<li>Formaci\u00f3n en Micronutrici\u00f3n. ( 2020)<\/li>\n<li>Formaci\u00f3n de Fisioterapia Respiratoria Abbas Fakhr. Toulose. ( 2015)<\/li>\n<li>Formaci\u00f3n en Posturolog\u00eda. G\u00e9rard Vallier ( 2019)<\/li>\n<\/ul>\n\n\t\t<\/div> \n\t<\/div> <\/div>\n","protected":false},"excerpt":{"rendered":"","protected":false},"author":1,"featured_media":0,"parent":0,"menu_order":0,"comment_status":"closed","ping_status":"closed","template":"","meta":{"_exactmetrics_skip_tracking":false,"_exactmetrics_sitenote_active":false,"_exactmetrics_sitenote_note":"","_exactmetrics_sitenote_category":0,"footnotes":""},"class_list":["post-464","page","type-page","status-publish","hentry"],"yoast_head":"<!-- This site is optimized with the Yoast SEO plugin v27.4 - https:\/\/yoast.com\/product\/yoast-seo-wordpress\/ -->\n<title>Profesionales - Centre Osteopatia Lleida - Osteopatia Cl\u00ednica i Fisioter\u00e0pia<\/title>\n<meta name=\"description\" content=\"Especializado en lesiones vertebrales, viscerales y craneales. Centro Pionero en la ciudad de Lleida en la osteopat\u00eda pedi\u00e1trica y ginecol\u00f3gica.\" \/>\n<meta name=\"robots\" content=\"index, follow, max-snippet:-1, max-image-preview:large, max-video-preview:-1\" \/>\n<link rel=\"canonical\" href=\"https:\/\/www.osteopatialleida.com\/es\/profesionales\/\" \/>\n<meta property=\"og:locale\" content=\"es_ES\" \/>\n<meta property=\"og:type\" content=\"article\" \/>\n<meta property=\"og:title\" content=\"Profesionales - Centre Osteopatia Lleida - Osteopatia Cl\u00ednica i Fisioter\u00e0pia\" \/>\n<meta property=\"og:description\" content=\"Centro de Osteopat\u00eda Cl\u00ednica especializado en lesiones vertebrales, viscerales y craneales. Centro Pionero en la ciudad de Lleida en especialidades como la osteopat\u00eda pedi\u00e1trica y ginecol\u00f3gica\" \/>\n<meta property=\"og:url\" content=\"https:\/\/www.osteopatialleida.com\/es\/profesionales\/\" \/>\n<meta property=\"og:site_name\" content=\"Centre Osteopatia Lleida\" \/>\n<meta property=\"article:modified_time\" content=\"2022-03-22T16:14:13+00:00\" \/>\n<meta property=\"og:image\" content=\"https:\/\/www.osteopatialleida.com\/wp-content\/uploads\/2014\/02\/osteopatialleida-e1391711548868.png\" \/>\n\t<meta property=\"og:image:width\" content=\"1113\" \/>\n\t<meta property=\"og:image:height\" content=\"628\" \/>\n\t<meta property=\"og:image:type\" content=\"image\/png\" \/>\n<meta name=\"twitter:label1\" content=\"Tiempo de lectura\" \/>\n\t<meta name=\"twitter:data1\" content=\"5 minutos\" \/>\n<script type=\"application\/ld+json\" class=\"yoast-schema-graph\">{\"@context\":\"https:\\\/\\\/schema.org\",\"@graph\":[{\"@type\":\"WebPage\",\"@id\":\"https:\\\/\\\/www.osteopatialleida.com\\\/es\\\/profesionales\\\/\",\"url\":\"https:\\\/\\\/www.osteopatialleida.com\\\/es\\\/profesionales\\\/\",\"name\":\"Profesionales - Centre Osteopatia Lleida - Osteopatia Cl\u00ednica i Fisioter\u00e0pia\",\"isPartOf\":{\"@id\":\"https:\\\/\\\/www.osteopatialleida.com\\\/#website\"},\"datePublished\":\"2013-08-22T07:30:21+00:00\",\"dateModified\":\"2022-03-22T16:14:13+00:00\",\"description\":\"Especializado en lesiones vertebrales, viscerales y craneales. Centro Pionero en la ciudad de Lleida en la osteopat\u00eda pedi\u00e1trica y ginecol\u00f3gica.\",\"breadcrumb\":{\"@id\":\"https:\\\/\\\/www.osteopatialleida.com\\\/es\\\/profesionales\\\/#breadcrumb\"},\"inLanguage\":\"es\",\"potentialAction\":[{\"@type\":\"ReadAction\",\"target\":[\"https:\\\/\\\/www.osteopatialleida.com\\\/es\\\/profesionales\\\/\"]}]},{\"@type\":\"BreadcrumbList\",\"@id\":\"https:\\\/\\\/www.osteopatialleida.com\\\/es\\\/profesionales\\\/#breadcrumb\",\"itemListElement\":[{\"@type\":\"ListItem\",\"position\":1,\"name\":\"Inici\",\"item\":\"https:\\\/\\\/www.osteopatialleida.com\\\/es\\\/\"},{\"@type\":\"ListItem\",\"position\":2,\"name\":\"Profesionales\"}]},{\"@type\":\"WebSite\",\"@id\":\"https:\\\/\\\/www.osteopatialleida.com\\\/#website\",\"url\":\"https:\\\/\\\/www.osteopatialleida.com\\\/\",\"name\":\"Centre Osteopatia Lleida\",\"description\":\"\",\"potentialAction\":[{\"@type\":\"SearchAction\",\"target\":{\"@type\":\"EntryPoint\",\"urlTemplate\":\"https:\\\/\\\/www.osteopatialleida.com\\\/?s={search_term_string}\"},\"query-input\":{\"@type\":\"PropertyValueSpecification\",\"valueRequired\":true,\"valueName\":\"search_term_string\"}}],\"inLanguage\":\"es\"}]}<\/script>\n<!-- \/ Yoast SEO plugin. -->","yoast_head_json":{"title":"Profesionales - Centre Osteopatia Lleida - Osteopatia Cl\u00ednica i Fisioter\u00e0pia","description":"Especializado en lesiones vertebrales, viscerales y craneales. Centro Pionero en la ciudad de Lleida en la osteopat\u00eda pedi\u00e1trica y ginecol\u00f3gica.","robots":{"index":"index","follow":"follow","max-snippet":"max-snippet:-1","max-image-preview":"max-image-preview:large","max-video-preview":"max-video-preview:-1"},"canonical":"https:\/\/www.osteopatialleida.com\/es\/profesionales\/","og_locale":"es_ES","og_type":"article","og_title":"Profesionales - Centre Osteopatia Lleida - Osteopatia Cl\u00ednica i Fisioter\u00e0pia","og_description":"Centro de Osteopat\u00eda Cl\u00ednica especializado en lesiones vertebrales, viscerales y craneales. Centro Pionero en la ciudad de Lleida en especialidades como la osteopat\u00eda pedi\u00e1trica y ginecol\u00f3gica","og_url":"https:\/\/www.osteopatialleida.com\/es\/profesionales\/","og_site_name":"Centre Osteopatia Lleida","article_modified_time":"2022-03-22T16:14:13+00:00","og_image":[{"width":1113,"height":628,"url":"https:\/\/www.osteopatialleida.com\/wp-content\/uploads\/2014\/02\/osteopatialleida-e1391711548868.png","type":"image\/png"}],"twitter_misc":{"Tiempo de lectura":"5 minutos"},"schema":{"@context":"https:\/\/schema.org","@graph":[{"@type":"WebPage","@id":"https:\/\/www.osteopatialleida.com\/es\/profesionales\/","url":"https:\/\/www.osteopatialleida.com\/es\/profesionales\/","name":"Profesionales - Centre Osteopatia Lleida - Osteopatia Cl\u00ednica i Fisioter\u00e0pia","isPartOf":{"@id":"https:\/\/www.osteopatialleida.com\/#website"},"datePublished":"2013-08-22T07:30:21+00:00","dateModified":"2022-03-22T16:14:13+00:00","description":"Especializado en lesiones vertebrales, viscerales y craneales. Centro Pionero en la ciudad de Lleida en la osteopat\u00eda pedi\u00e1trica y ginecol\u00f3gica.","breadcrumb":{"@id":"https:\/\/www.osteopatialleida.com\/es\/profesionales\/#breadcrumb"},"inLanguage":"es","potentialAction":[{"@type":"ReadAction","target":["https:\/\/www.osteopatialleida.com\/es\/profesionales\/"]}]},{"@type":"BreadcrumbList","@id":"https:\/\/www.osteopatialleida.com\/es\/profesionales\/#breadcrumb","itemListElement":[{"@type":"ListItem","position":1,"name":"Inici","item":"https:\/\/www.osteopatialleida.com\/es\/"},{"@type":"ListItem","position":2,"name":"Profesionales"}]},{"@type":"WebSite","@id":"https:\/\/www.osteopatialleida.com\/#website","url":"https:\/\/www.osteopatialleida.com\/","name":"Centre Osteopatia Lleida","description":"","potentialAction":[{"@type":"SearchAction","target":{"@type":"EntryPoint","urlTemplate":"https:\/\/www.osteopatialleida.com\/?s={search_term_string}"},"query-input":{"@type":"PropertyValueSpecification","valueRequired":true,"valueName":"search_term_string"}}],"inLanguage":"es"}]}},"_links":{"self":[{"href":"https:\/\/www.osteopatialleida.com\/es\/wp-json\/wp\/v2\/pages\/464","targetHints":{"allow":["GET"]}}],"collection":[{"href":"https:\/\/www.osteopatialleida.com\/es\/wp-json\/wp\/v2\/pages"}],"about":[{"href":"https:\/\/www.osteopatialleida.com\/es\/wp-json\/wp\/v2\/types\/page"}],"author":[{"embeddable":true,"href":"https:\/\/www.osteopatialleida.com\/es\/wp-json\/wp\/v2\/users\/1"}],"replies":[{"embeddable":true,"href":"https:\/\/www.osteopatialleida.com\/es\/wp-json\/wp\/v2\/comments?post=464"}],"version-history":[{"count":18,"href":"https:\/\/www.osteopatialleida.com\/es\/wp-json\/wp\/v2\/pages\/464\/revisions"}],"predecessor-version":[{"id":864,"href":"https:\/\/www.osteopatialleida.com\/es\/wp-json\/wp\/v2\/pages\/464\/revisions\/864"}],"wp:attachment":[{"href":"https:\/\/www.osteopatialleida.com\/es\/wp-json\/wp\/v2\/media?parent=464"}],"curies":[{"name":"wp","href":"https:\/\/api.w.org\/{rel}","templated":true}]}}